{"id":715,"date":"2025-05-14T18:27:52","date_gmt":"2025-05-14T18:27:52","guid":{"rendered":"https:\/\/vncfx.net\/politique-de-confidentialite\/"},"modified":"2025-08-07T15:58:55","modified_gmt":"2025-08-07T15:58:55","slug":"politique-de-confidentialite","status":"publish","type":"page","link":"https:\/\/vncfx.net\/fr\/politique-de-confidentialite\/","title":{"rendered":"Politique de confidentialit\u00e9"},"content":{"rendered":"\t\t<div data-elementor-type=\"wp-page\" data-elementor-id=\"715\" class=\"elementor elementor-715 elementor-3\" data-elementor-post-type=\"page\">\n\t\t\t\t<div class=\"elementor-element elementor-element-231c72c5 e-flex e-con-boxed e-con e-parent\" data-id=\"231c72c5\" data-element_type=\"container\" data-e-type=\"container\">\n\t\t\t\t\t<div class=\"e-con-inner\">\n\t\t<div class=\"elementor-element elementor-element-180c5e3f e-con-full e-flex e-con e-child\" data-id=\"180c5e3f\" data-element_type=\"container\" data-e-type=\"container\">\n\t\t<div class=\"elementor-element elementor-element-5c6a59c8 e-con-full e-flex e-con e-child\" data-id=\"5c6a59c8\" data-element_type=\"container\" data-e-type=\"container\">\n\t\t\t\t<div class=\"elementor-element elementor-element-2ca845c4 elementor-widget elementor-widget-elementskit-heading\" data-id=\"2ca845c4\" data-element_type=\"widget\" data-e-type=\"widget\" data-widget_type=\"elementskit-heading.default\">\n\t\t\t\t<div class=\"elementor-widget-container\">\n\t\t\t\t\t<div class=\"ekit-wid-con\" ><div class=\"ekit-heading elementskit-section-title-wraper text_left   ekit_heading_tablet-   ekit_heading_mobile-\"><h1 class=\"ekit-heading--title elementskit-section-title \">Politique de confidentialit\u00e9<\/h1><\/div><\/div>\t\t\t\t<\/div>\n\t\t\t\t<\/div>\n\t\t\t\t<div class=\"elementor-element elementor-element-7b78de92 elementor-widget elementor-widget-text-editor\" data-id=\"7b78de92\" data-element_type=\"widget\" data-e-type=\"widget\" data-widget_type=\"text-editor.default\">\n\t\t\t\t<div class=\"elementor-widget-container\">\n\t\t\t\t\t\t\t\t\t<p><span style=\"font-weight: 400;\">Votre vie priv\u00e9e est tr\u00e8s importante pour nous. Cette politique de confidentialit\u00e9 clarifie la mani\u00e8re dont vos donn\u00e9es personnelles sont trait\u00e9es \u00e0 partir de ce site web. Ainsi, nous valorisons la transparence entre notre \u00e9quipe et vous, notre utilisateur, renfor\u00e7ant ainsi notre partenariat et notre relation de confiance.  &nbsp;<\/span><\/p>\n<p><span style=\"font-weight: 400;\">En ce sens, nous tenons \u00e0 vous rassurer, car nous sommes pleinement conformes \u00e0 la Loi g\u00e9n\u00e9rale sur la protection des donn\u00e9es du Br\u00e9sil \u2013 LGPD (loi n\u00b0 13 709\/2018), comme vous pouvez le voir dans les termes stipul\u00e9s ci-dessous.<\/span><\/p><p><b style=\"background-color: transparent;\">Donn\u00e9es personnelles collect\u00e9es<\/b><\/p>\n<p><span style=\"font-weight: 400;\">Tout d\u2019abord, nous tenons \u00e0 pr\u00e9ciser que nous ne collectons aucune donn\u00e9e personnelle par le biais de ce portail. Toutefois, si \u00e0 l\u2019avenir il est n\u00e9cessaire de collecter des donn\u00e9es personnelles pour la fourniture et la continuit\u00e9 de nos services, nous vous contacterons pour vous informer de la mise \u00e0 jour de cette politique. <\/span><\/p>\n<p><span style=\"font-weight: 400;\">Comme il n\u2019y a pas de collecte, il n\u2019y a donc pas non plus de partage de donn\u00e9es avec des tiers \u00e0 des fins commerciales.<\/span><\/p>\n<p><span style=\"font-weight: 400;\">Le seul moment o\u00f9 il y aura un traitement de donn\u00e9es personnelles sera dans le cas de l\u2019identification des commentaires pour les articles de blog. Toutefois, nous pr\u00e9cisons que ces informations ne seront conserv\u00e9es qu\u2019\u00e0 des fins d\u2019identification de l\u2019utilisateur, et sont divulgu\u00e9es par la volont\u00e9 libre et spontan\u00e9e de la personne concern\u00e9e. N\u00e9anmoins, sa suppression sera tout \u00e0 fait possible dans les conditions suivantes.  <\/span><\/p>\n<p><span style=\"font-weight: 400;\">En cas de <\/span><i><span style=\"font-weight: 400;\">connexion<\/span><\/i><span style=\"font-weight: 400;\"> via d\u2019autres r\u00e9seaux sociaux, nous attirons votre attention sur le fait que nous ne traitons aucune donn\u00e9e \u00e0 partir de ceux-ci. <\/span><i><span style=\"font-weight: 400;\">ATTENTION :<\/span><\/i> <span style=\"font-weight: 400;\">nous ne sommes pas responsables du traitement des donn\u00e9es des r\u00e9seaux sociaux \u00e0 l\u2019origine de la <\/span><i><span style=\"font-weight: 400;\">connexion<\/span><\/i><span style=\"font-weight: 400;\">, car ils ont leurs propres politiques de traitement des donn\u00e9es personnelles (que nous vous recommandons d\u2019ailleurs de lire).<\/span><\/p><p><b style=\"background-color: transparent;\">Traitement<\/b><\/p>\n<p><span style=\"font-weight: 400;\">Seules des donn\u00e9es g\u00e9n\u00e9riques sont collect\u00e9es pour le diagnostic des probl\u00e8mes, la pr\u00e9paration des analyses statistiques, la s\u00e9curit\u00e9 et la lutte contre la fraude, afin de garantir et d\u2019am\u00e9liorer l\u2019exp\u00e9rience utilisateur. \u00c0 cette fin, les donn\u00e9es sont enti\u00e8rement anonymis\u00e9es, ce qui rend impossible l\u2019identification du d\u00e9tenteur. &nbsp;<\/span><\/p><p><b style=\"background-color: transparent;\">Partage<\/b><\/p>\n<p><span style=\"font-weight: 400;\">Nous ne partageons pas les donn\u00e9es personnelles avec des tiers. Il n\u2019y aura de partage de donn\u00e9es que pour la r\u00e9solution de probl\u00e8mes techniques ou \u00e0 des fins statistiques. Cependant, m\u00eame dans ce cas, les donn\u00e9es seront anonymis\u00e9es, ce qui rendra impossible l\u2019identification du d\u00e9tenteur.  <\/span><\/p>\n<p><span style=\"font-weight: 400;\">Exception l\u00e9gale : pour les proc\u00e9dures sp\u00e9cifi\u00e9es dans la loi n\u00b0 12.965\/14 et le d\u00e9cret n\u00b0 8.771\/16 (Cadre des droits civils pour l\u2019Internet), les donn\u00e9es d\u2019enregistrement des utilisateurs peuvent \u00eatre fournies aux autorit\u00e9s comp\u00e9tentes sans d\u00e9cision de justice.<\/span><\/p><p><b style=\"background-color: transparent;\">Stockage et s\u00e9curit\u00e9<\/b><\/p>\n<p><span style=\"font-weight: 400;\">Nous utilisons des techniques et des logiciels s\u00e9curis\u00e9s et r\u00e9put\u00e9s pour stocker toutes les informations qui transitent par le site.<\/span><\/p>\n<p><span style=\"font-weight: 400;\">Ainsi, nous garantissons l\u2019utilisation de mesures techniques et administratives capables de prot\u00e9ger les donn\u00e9es personnelles contre l\u2019acc\u00e8s non autoris\u00e9 et les situations accidentelles ou illicites de destruction, perte, alt\u00e9ration, communication ou diffusion de vos donn\u00e9es.<\/span><\/p><p><b style=\"background-color: transparent;\">Suppression des donn\u00e9es<\/b><\/p>\n<p><span style=\"font-weight: 400;\">Vos informations seront conserv\u00e9es pendant la dur\u00e9e de l\u2019ex\u00e9cution des services contract\u00e9s (nous ne conservons que les donn\u00e9es essentielles \u00e0 son op\u00e9rationnalisation). Il est important de se rappeler qu\u2019\u00e0 tout moment, il peut vous \u00eatre demand\u00e9 de supprimer d\u00e9finitivement les donn\u00e9es personnelles que vous nous avez fournies. <\/span><\/p>\n<p><span style=\"font-weight: 400;\">M\u00eame en cas de demande de suppression, certaines donn\u00e9es seront conserv\u00e9es dans notre syst\u00e8me pendant la p\u00e9riode d\u00e9finie par la loi br\u00e9silienne. Nous pr\u00e9cisons que, m\u00eame dans ce cas, ils ne seront pas consult\u00e9s ou mis \u00e0 la disposition de tiers (sauf sur d\u00e9cision de justice), \u00e9tant conserv\u00e9s dans un syst\u00e8me s\u00e9curis\u00e9. <\/span><\/p><p><b style=\"background-color: transparent;\">Contact<\/b><\/p>\n<p><span style=\"font-weight: 400;\">Toute demande, r\u00e9clamation ou suggestion doit \u00eatre formul\u00e9e par e-mail par <\/span><a href=\"mailto:info@vncfx.net\"><span style=\"font-weight: 400;\">l\u2019interm\u00e9diaire du contact info@vncfx.net<\/span><\/a><span style=\"font-weight: 400;\">, et sera pris en charge dans les plus brefs d\u00e9lais. Si vous ne trouvez pas de r\u00e9ponse, veuillez nous contacter via les autres canaux de communication. <\/span><\/p>\t\t\t\t\t\t\t\t<\/div>\n\t\t\t\t<\/div>\n\t\t\t\t<\/div>\n\t\t\t\t<\/div>\n\t\t\t\t\t<\/div>\n\t\t\t\t<\/div>\n\t\t\t\t<\/div>\n\t\t","protected":false},"excerpt":{"rendered":"<p>Votre vie priv\u00e9e est tr\u00e8s importante pour nous. Cette politique de confidentialit\u00e9 clarifie la mani\u00e8re dont vos donn\u00e9es personnelles sont trait\u00e9es \u00e0 partir de ce site web. Ainsi, nous valorisons la transparence entre notre \u00e9quipe et vous, notre utilisateur, renfor\u00e7ant ainsi notre partenariat et notre relation de confiance. &nbsp; En ce sens, nous tenons \u00e0 [&hellip;]<\/p>\n","protected":false},"author":1,"featured_media":630,"parent":0,"menu_order":0,"comment_status":"closed","ping_status":"closed","template":"","meta":{"footnotes":""},"class_list":["post-715","page","type-page","status-publish","has-post-thumbnail","hentry"],"_links":{"self":[{"href":"https:\/\/vncfx.net\/fr\/wp-json\/wp\/v2\/pages\/715","targetHints":{"allow":["GET"]}}],"collection":[{"href":"https:\/\/vncfx.net\/fr\/wp-json\/wp\/v2\/pages"}],"about":[{"href":"https:\/\/vncfx.net\/fr\/wp-json\/wp\/v2\/types\/page"}],"author":[{"embeddable":true,"href":"https:\/\/vncfx.net\/fr\/wp-json\/wp\/v2\/users\/1"}],"replies":[{"embeddable":true,"href":"https:\/\/vncfx.net\/fr\/wp-json\/wp\/v2\/comments?post=715"}],"version-history":[{"count":1,"href":"https:\/\/vncfx.net\/fr\/wp-json\/wp\/v2\/pages\/715\/revisions"}],"predecessor-version":[{"id":716,"href":"https:\/\/vncfx.net\/fr\/wp-json\/wp\/v2\/pages\/715\/revisions\/716"}],"wp:featuredmedia":[{"embeddable":true,"href":"https:\/\/vncfx.net\/fr\/wp-json\/wp\/v2\/media\/630"}],"wp:attachment":[{"href":"https:\/\/vncfx.net\/fr\/wp-json\/wp\/v2\/media?parent=715"}],"curies":[{"name":"wp","href":"https:\/\/api.w.org\/{rel}","templated":true}]}}