{"id":725,"date":"2025-05-14T18:27:52","date_gmt":"2025-05-14T18:27:52","guid":{"rendered":"https:\/\/vncfx.net\/politica-de-privacidad\/"},"modified":"2025-08-07T16:06:27","modified_gmt":"2025-08-07T16:06:27","slug":"politica-de-privacidad","status":"publish","type":"page","link":"https:\/\/vncfx.net\/es\/politica-de-privacidad\/","title":{"rendered":"Pol\u00edtica de privacidad"},"content":{"rendered":"\t\t<div data-elementor-type=\"wp-page\" data-elementor-id=\"725\" class=\"elementor elementor-725 elementor-3\" data-elementor-post-type=\"page\">\n\t\t\t\t<div class=\"elementor-element elementor-element-231c72c5 e-flex e-con-boxed e-con e-parent\" data-id=\"231c72c5\" data-element_type=\"container\" data-e-type=\"container\">\n\t\t\t\t\t<div class=\"e-con-inner\">\n\t\t<div class=\"elementor-element elementor-element-180c5e3f e-con-full e-flex e-con e-child\" data-id=\"180c5e3f\" data-element_type=\"container\" data-e-type=\"container\">\n\t\t<div class=\"elementor-element elementor-element-5c6a59c8 e-con-full e-flex e-con e-child\" data-id=\"5c6a59c8\" data-element_type=\"container\" data-e-type=\"container\">\n\t\t\t\t<div class=\"elementor-element elementor-element-2ca845c4 elementor-widget elementor-widget-elementskit-heading\" data-id=\"2ca845c4\" data-element_type=\"widget\" data-e-type=\"widget\" data-widget_type=\"elementskit-heading.default\">\n\t\t\t\t<div class=\"elementor-widget-container\">\n\t\t\t\t\t<div class=\"ekit-wid-con\" ><div class=\"ekit-heading elementskit-section-title-wraper text_left   ekit_heading_tablet-   ekit_heading_mobile-\"><h1 class=\"ekit-heading--title elementskit-section-title \">Pol\u00edtica de privacidad<\/h1><\/div><\/div>\t\t\t\t<\/div>\n\t\t\t\t<\/div>\n\t\t\t\t<div class=\"elementor-element elementor-element-7b78de92 elementor-widget elementor-widget-text-editor\" data-id=\"7b78de92\" data-element_type=\"widget\" data-e-type=\"widget\" data-widget_type=\"text-editor.default\">\n\t\t\t\t<div class=\"elementor-widget-container\">\n\t\t\t\t\t\t\t\t\t<p><span style=\"font-weight: 400;\">Su privacidad es muy importante para nosotros. Esta Pol\u00edtica de privacidad aclara c\u00f3mo se procesan sus datos personales desde este sitio web. Por lo tanto, valoramos la transparencia entre nuestro equipo y usted, nuestro usuario, fortaleciendo nuestra asociaci\u00f3n y relaci\u00f3n de confianza.  &nbsp;<\/span><\/p>\n<p><span style=\"font-weight: 400;\">En este sentido, nos gustar\u00eda tranquilizarlo, ya que cumplimos plenamente con la Ley General de Protecci\u00f3n de Datos de Brasil \u2013 LGPD (Ley n.\u00ba 13.709\/2018), como puede ver en los t\u00e9rminos estipulados a continuaci\u00f3n.<\/span><\/p><p><b style=\"background-color: transparent;\">Datos personales recopilados<\/b><\/p>\n<p><span style=\"font-weight: 400;\">En primer lugar, nos gustar\u00eda dejar claro que no recopilamos ning\u00fan dato personal a trav\u00e9s de este portal. No obstante, si en el futuro fuera necesario recabar datos personales para la prestaci\u00f3n y continuidad de nuestros servicios, nos pondremos en contacto con usted para informarle de la actualizaci\u00f3n de esta pol\u00edtica. <\/span><\/p>\n<p><span style=\"font-weight: 400;\">Como no hay recopilaci\u00f3n, tampoco se comparten datos con terceros con fines comerciales.<\/span><\/p>\n<p><span style=\"font-weight: 400;\">El \u00fanico momento en el que habr\u00e1 alg\u00fan tratamiento de datos personales ser\u00e1 en el caso de identificar comentarios para publicaciones de blog. Sin embargo, aclaramos que esta informaci\u00f3n se conservar\u00e1 \u00fanicamente con el fin de identificar al usuario, y se divulga por la libre y espont\u00e1nea voluntad del interesado. A\u00fan as\u00ed, su eliminaci\u00f3n ser\u00e1 completamente posible bajo los siguientes t\u00e9rminos.  <\/span><\/p>\n<p><span style=\"font-weight: 400;\">En caso de <\/span><i><span style=\"font-weight: 400;\">iniciar sesi\u00f3n<\/span><\/i><span style=\"font-weight: 400;\"> a trav\u00e9s de otras redes sociales, nos gustar\u00eda se\u00f1alar que no procesamos ning\u00fan dato de la misma. <\/span><i><span style=\"font-weight: 400;\">ATENCI\u00d3N:<\/span><\/i> <span style=\"font-weight: 400;\">no nos hacemos responsables del tratamiento de datos de las redes sociales que originaron el inicio de <\/span><i><span style=\"font-weight: 400;\">sesi\u00f3n<\/span><\/i><span style=\"font-weight: 400;\">, ya que tienen sus propias pol\u00edticas de tratamiento de datos personales (que, por cierto, te recomendamos que leas).<\/span><\/p><p><b style=\"background-color: transparent;\">Tratamiento<\/b><\/p>\n<p><span style=\"font-weight: 400;\">Solo se recopilan datos gen\u00e9ricos para el diagn\u00f3stico de problemas, la elaboraci\u00f3n de an\u00e1lisis estad\u00edsticos, la seguridad y la lucha contra el fraude, con el fin de garantizar y mejorar la experiencia del usuario. Para ello, los datos se anonimizan por completo, lo que imposibilita la identificaci\u00f3n del titular. &nbsp;<\/span><\/p><p><b style=\"background-color: transparent;\">Compartici\u00f3n<\/b><\/p>\n<p><span style=\"font-weight: 400;\">No compartimos datos personales con terceros. Solo habr\u00e1 intercambio de datos para la resoluci\u00f3n de problemas t\u00e9cnicos o con fines estad\u00edsticos. Sin embargo, aun as\u00ed, los datos ser\u00e1n anonimizados, imposibilitando la identificaci\u00f3n del titular.  <\/span><\/p>\n<p><span style=\"font-weight: 400;\">Excepci\u00f3n legal: para los procedimientos especificados en la Ley N\u00ba 12.965\/14 y el Decreto N\u00ba 8.771\/16 (Marco Civil de los Derechos en Internet), los datos de registro de los usuarios pueden ser proporcionados a las autoridades competentes sin orden judicial.<\/span><\/p><p><b style=\"background-color: transparent;\">Almacenamiento y seguridad<\/b><\/p>\n<p><span style=\"font-weight: 400;\">Utilizamos t\u00e9cnicas y software seguros y reconocidos para almacenar toda la informaci\u00f3n que transita por el sitio.<\/span><\/p>\n<p><span style=\"font-weight: 400;\">As\u00ed, garantizamos el uso de medidas t\u00e9cnicas y administrativas capaces de proteger los datos personales del acceso no autorizado y de situaciones accidentales o il\u00edcitas de destrucci\u00f3n, p\u00e9rdida, alteraci\u00f3n, comunicaci\u00f3n o difusi\u00f3n de sus datos.<\/span><\/p><p><b style=\"background-color: transparent;\">Eliminaci\u00f3n de datos<\/b><\/p>\n<p><span style=\"font-weight: 400;\">Su informaci\u00f3n se conservar\u00e1 mientras se realizan los servicios contratados (conservamos solo los datos imprescindibles para su operatividad). Es importante recordar que, en cualquier momento, se le puede solicitar que elimine permanentemente los datos personales que nos ha proporcionado. <\/span><\/p>\n<p><span style=\"font-weight: 400;\">Incluso en el caso de una solicitud de eliminaci\u00f3n, algunos datos se conservar\u00e1n en nuestro sistema durante el per\u00edodo definido en la ley brasile\u00f1a. Aclaramos que, aun as\u00ed, no se acceder\u00e1 ni se pondr\u00e1 a disposici\u00f3n de terceros (salvo orden judicial), quedando guardados en un sistema seguro. <\/span><\/p><p><b style=\"background-color: transparent;\">Contacto<\/b><\/p>\n<p><span style=\"font-weight: 400;\">Cualquier solicitud, queja o sugerencia debe realizarse por correo electr\u00f3nico a trav\u00e9s del <\/span><a href=\"mailto:info@vncfx.net\"><span style=\"font-weight: 400;\">info@vncfx.net<\/span> de contacto<\/a><span style=\"font-weight: 400;\">, y ser\u00e1n atendidos en el menor tiempo posible. Si no se responde, p\u00f3ngase en contacto con nosotros a trav\u00e9s de los otros canales de comunicaci\u00f3n. <\/span><\/p>\t\t\t\t\t\t\t\t<\/div>\n\t\t\t\t<\/div>\n\t\t\t\t<\/div>\n\t\t\t\t<\/div>\n\t\t\t\t\t<\/div>\n\t\t\t\t<\/div>\n\t\t\t\t<\/div>\n\t\t","protected":false},"excerpt":{"rendered":"<p>Su privacidad es muy importante para nosotros. Esta Pol\u00edtica de privacidad aclara c\u00f3mo se procesan sus datos personales desde este sitio web. Por lo tanto, valoramos la transparencia entre nuestro equipo y usted, nuestro usuario, fortaleciendo nuestra asociaci\u00f3n y relaci\u00f3n de confianza. &nbsp; En este sentido, nos gustar\u00eda tranquilizarlo, ya que cumplimos plenamente con la [&hellip;]<\/p>\n","protected":false},"author":1,"featured_media":631,"parent":0,"menu_order":0,"comment_status":"closed","ping_status":"closed","template":"","meta":{"footnotes":""},"class_list":["post-725","page","type-page","status-publish","has-post-thumbnail","hentry"],"_links":{"self":[{"href":"https:\/\/vncfx.net\/es\/wp-json\/wp\/v2\/pages\/725","targetHints":{"allow":["GET"]}}],"collection":[{"href":"https:\/\/vncfx.net\/es\/wp-json\/wp\/v2\/pages"}],"about":[{"href":"https:\/\/vncfx.net\/es\/wp-json\/wp\/v2\/types\/page"}],"author":[{"embeddable":true,"href":"https:\/\/vncfx.net\/es\/wp-json\/wp\/v2\/users\/1"}],"replies":[{"embeddable":true,"href":"https:\/\/vncfx.net\/es\/wp-json\/wp\/v2\/comments?post=725"}],"version-history":[{"count":1,"href":"https:\/\/vncfx.net\/es\/wp-json\/wp\/v2\/pages\/725\/revisions"}],"predecessor-version":[{"id":726,"href":"https:\/\/vncfx.net\/es\/wp-json\/wp\/v2\/pages\/725\/revisions\/726"}],"wp:featuredmedia":[{"embeddable":true,"href":"https:\/\/vncfx.net\/es\/wp-json\/wp\/v2\/media\/631"}],"wp:attachment":[{"href":"https:\/\/vncfx.net\/es\/wp-json\/wp\/v2\/media?parent=725"}],"curies":[{"name":"wp","href":"https:\/\/api.w.org\/{rel}","templated":true}]}}